{"id":995,"date":"2020-06-08T12:45:59","date_gmt":"2020-06-08T10:45:59","guid":{"rendered":"http:\/\/akterpublic.wp\/?page_id=995"},"modified":"2020-10-05T09:41:24","modified_gmt":"2020-10-05T07:41:24","slug":"cookie-policy","status":"publish","type":"page","link":"https:\/\/akterpublic.hr\/en\/cookie-policy","title":{"rendered":"COOKIE POLICY"},"content":{"rendered":"\n<h2 class=\"has-text-align-center wp-block-heading\"> COOKIE POLICY  <\/h2>\n\n\n\n<p>AKTERPUBLIC d.o.o., Remetine\u010dka cesta 9\/D, 10 000 ZAGREB, OIB: 60260099259 (hereinafter: &#8220;AKTERPUBLIC&#8221;) operates a strict privacy policy. We are committed to being transparent about the technologies we use, and we\u2019ve outlined below how we use cookies when you visit our site: <a href=\"http:\/\/www.akterpublic.hr\">www.akterpublic.hr<\/a>.<\/p>\n\n\n\n<p>Insofar as the information collected\nusing cookies constitutes personal data, the provisions of the Privacy Policy\nshall apply and supplement this Cookie Policy.<\/p>\n\n\n\n<h5 class=\"wp-block-heading\">What is a cookie?<\/h5>\n\n\n\n<p>A cookie is a small snippet of text that a website asks your browser to store. By using cookies website remembers your actions and preferred settings (login, language, font size and other layout related settings) during a longer period. All cookies have expiration dates in them that determine how long they stay in your browser. Cookies can be removed in two ways: automatically, when they expire, or when you manually delete them. We\u2019ve included more details below to help you understand what kinds of cookies we use.<\/p>\n\n\n\n<h5 class=\"wp-block-heading\">Does AKTER PUBLIC use cookies?<\/h5>\n\n\n\n<p>Yes, with the primary purpose to make our website work more effectively and to memorize various information in order to facilitate your navigation on a website, to ensure the smooth functioning of these or to make them more effective, for example by memorizing your language preferences.<\/p>\n\n\n\n<h5 class=\"wp-block-heading\"> What kinds of cookies does AKTER PUBLIC use and why? <\/h5>\n\n\n\n<p><a rel=\"noreferrer noopener\" aria-label=\" (otvara se u novoj kartici)\" href=\"http:\/\/www.akterpublic.hr\" target=\"_blank\">www.ak<\/a><a href=\"http:\/\/www.akterpublic.hr\">terpublic.hr<\/a> uses different kinds of cookies for various reasons:<\/p>\n\n\n\n<ol><li>Session-id and \/ or persistent cookies limited to a few hours &#8211; we use them to store your preferences and settings on your device and to enhance your experience. For example, storing your personal preferences in cookies, which allows you to not have to set your preferences every time you visit the site;<\/li><li>Authentication cookies used for authentication services for the duration of the page visit &#8211; we use them to verify your authenticity. This cookie lets you navigate from page to page without having to log in again on each page;<\/li><li>User Security Cookies, which are used to detect authentication abuses of limited duration &#8211; we use them to process information that enables us to be secure and to identify fraud and misuse;<\/li><li>multimedia cookies, such as flash player cookies, for the duration of the page review;<\/li><li>Preference cookies (performance) \u2013 These cookies collect information about your choices and preferences and make your navigation more pleasant and personalized. These cookies make it possible to memorize the language chosen during your first visit to our Website in order to personalize it accordingly.<\/li><\/ol>\n\n\n\n<h5 class=\"wp-block-heading\">What other cookies might you encounter on www.akterpublic.hr?<\/h5>\n\n\n\n<p>There are also limited third-party\ncookies on the site. These cookies could be session or persistent and are set\nby entities other than AKTER &#8211; PUBLIC. <\/p>\n\n\n\n<p>For example, we currently allow:<\/p>\n\n\n\n<p>Social sharing \u2013 This allows you to\nshare our articles through various social sharing networks like Facebook, YouTube,\nInstagram. Social networks providing such a sharing button are likely to\nidentify you with this button, even if you did not use this button when\nvisiting our Website. We invite you to consult the privacy policy of these\nsocial networks, by visiting their respective websites, to learn the purpose of\nusing the information collected through these sharing buttons.<\/p>\n\n\n\n<p>The collection and use of\ninformation by these companies is governed by the relevant third party\u2019s\nprivacy policy and is not covered by our privacy policy. <\/p>\n\n\n\n<p>Facebook, YouTube, Instagram use\ndifferent types of cookies to run their website and ads-related products.<\/p>\n\n\n\n<p>More about Facebook, Twitter,\nYouTube and Instagram Cookie Policy you can read on:<\/p>\n\n\n\n<ul><li><a href=\"https:\/\/www.facebook.com\/policies\/cookies\/\" target=\"_blank\" rel=\"noreferrer noopener\" aria-label=\" (otvara se u novoj kartici)\">https:\/\/www.facebook.com\/policies\/cookies\/<\/a> <\/li><li><a href=\"https:\/\/policies.google.com\/technologies\/cookies?hl=en-US\" target=\"_blank\" rel=\"noreferrer noopener\" aria-label=\" (otvara se u novoj kartici)\">https:\/\/policies.google.com\/technologies\/cookies?hl=en-US<\/a> <\/li><li><a href=\"https:\/\/help.instagram.com\/1896641480634370?ref=ig\" target=\"_blank\" rel=\"noreferrer noopener\" aria-label=\" (otvara se u novoj kartici)\">https:\/\/help.instagram.com\/1896641480634370?ref=ig<\/a> <\/li><\/ul>\n\n\n\n<p>Facebook, YouTube and Instagram use\ncookies and receive your personal data when you visit these websites and\napplications, including device information and activity data without any\nfurther action on your part. This happens whether you have a Facebook, YouTube,\nInstagram account and whether or not you are logged in.<\/p>\n\n\n\n<p>AKTER PUBLIC cannot affect processing of personal data conducted by third parties.<\/p>\n\n\n\n<p>Aforementioned cookies are not used\nfor purposes other than those described in this document.<\/p>\n\n\n\n<h5 class=\"wp-block-heading\">Cookies used on this website<\/h5>\n\n\n\n<figure class=\"wp-block-table\"><table class=\"\"><tbody><tr><td>NAME<\/td><td> TYPE OF COOKIE \/ DURATION \/ FIRST SIDE OR THIRD PARTY COOKIE<\/td><td>SHORT DESCRIPTION OF FUNCTIONALITY<\/td><\/tr><tr><td>Postavke_kolacica<\/td><td>\u2022  Preference<br>\u2022  3 months<br>\u2022  First party cookies<\/td><td>A cookie used to save cookie settings.<\/td><\/tr><tr><td>_cfduid<\/td><td>\u2022 Preference<br>\u2022    25 days<br>\u2022    First party cookies<\/td><td>Helps to download site content faster and more securely.<\/td><\/tr><tr><td>_gid<\/td><td>\u2022   Marketing<br> \u2022    24 hours<br> \u2022    Third party cookies<\/td><td>We use several tools for measuring website traffic (Google Analytics, Google Tag Manager).<\/td><\/tr><tr><td>_gat<\/td><td>\u2022    Marketing<br> \u2022    10 minutes<br> \u2022    Third party cookies<\/td><td>It\u2019s used to decrease the number network requests towards Google Analytics to increase efficiency.<\/td><\/tr><tr><td>_ga<\/td><td>\u2022    Marketing<br> \u2022    2 years<br> \u2022    Third party cookies<\/td><td>Analytical cookie for identifying visitors of the website (Google Analytics, Google Tag Manager).<\/td><\/tr><tr><td>_utmz<\/td><td>\u2022  Marketing<br> \u2022    6 months<br> \u2022    Third party cookies<\/td><td>Google Analytics uses this cookie to evaluate the purpose of a user&#8217;s visit, to compile reports on site activity for site operators, and to improve the user experience.<\/td><\/tr><tr><td>_utma<\/td><td>\u2022    Marketing<br> \u2022    2 years<br> \u2022    Third party cookies<\/td><td>Google Analytics uses this cookie to differentiate between users and sessions. The cookie is updated each time the data is sent to Google Analytics.<\/td><\/tr><\/tbody><\/table><\/figure>\n\n\n\n<h5 class=\"wp-block-heading\">How can I configure, delete or disable cookies?<\/h5>\n\n\n\n<p>You can easily delete, disable or\naccept cookies from our Website at any time by configuring your browser\nsettings.<\/p>\n\n\n\n<p>Each browser (Internet Explorer, Edge,\nSafari, Firefox, Google Chrome, etc.) has its own cookie configuration mode. To\nlearn about the procedure to follow concerning your navigator, visit the site:<\/p>\n\n\n\n<p><strong> To learn about the procedure to follow concerning your navigator, visit the   site:<\/strong>   <\/p>\n\n\n\n<figure class=\"wp-block-table\"><table class=\"\"><tbody><tr><td><a href=\"http:\/\/www.allaboutcookies.org\" target=\"_blank\" rel=\"noreferrer noopener\" aria-label=\"www.allaboutcookies.org (otvara se u novoj kartici)\">www.allaboutcookies.org<\/a><\/td><\/tr><tr><td><a href=\"http:\/\/www.youronlinechoices.com\/hr\" target=\"_blank\" rel=\"noreferrer noopener\" aria-label=\"www.youronlinechoices.com\/hr  (otvara se u novoj kartici)\">www.youronlinechoices.com\/hr <\/a><\/td><\/tr><tr><td><a href=\"http:\/\/www.aboutads.info\/choices\" target=\"_blank\" rel=\"noreferrer noopener\" aria-label=\"www.aboutads.info\/choices (otvara se u novoj kartici)\">www.aboutads.info\/choices<\/a><\/td><\/tr><tr><td><a href=\"https:\/\/developers.google.com\/analytics\/devguides\/collection\/analyticsjs\/cookie-usage\" target=\"_blank\" rel=\"noreferrer noopener\" aria-label=\" (otvara se u novoj kartici)\">https:\/\/developers.google.com\/analytics\/devguides\/collection\/analyticsjs\/cookie-usage<\/a><\/td><\/tr><tr><td><a href=\"http:\/\/www.addthis.com\/privacy\/privacy-policy\" target=\"_blank\" rel=\"noreferrer noopener\" aria-label=\" (otvara se u novoj kartici)\">http:\/\/www.addthis.com\/privacy\/privacy-policy<\/a><\/td><\/tr><\/tbody><\/table><\/figure>\n\n\n\n<p> <strong> You can also visit: <\/strong> <\/p>\n\n\n\n<figure class=\"wp-block-table\"><table class=\"\"><tbody><tr><td><a href=\"https:\/\/www.edaa.eu\/\" target=\"_blank\" rel=\"noreferrer noopener\" aria-label=\"European Interactive Digital Advertising Alliance (EU) (otvara se u novoj kartici)\">European Interactive Digital Advertising Alliance (EU)<\/a><\/td><td><a href=\"https:\/\/www.apple.com\/safari\/\">Safari (Desktop)<\/a><\/td><\/tr><tr><td><a href=\"https:\/\/www.iab.com\/\" target=\"_blank\" rel=\"noreferrer noopener\" aria-label=\"Internet Advertising Bureau (US) (otvara se u novoj kartici)\">Internet Advertising Bureau (US)<\/a><\/td><td><a href=\"https:\/\/www.apple.com\/safari\/\" target=\"_blank\" rel=\"noreferrer noopener\" aria-label=\"Safari (Mobile) (otvara se u novoj kartici)\">Safari (Mobile)<\/a><\/td><\/tr><tr><td><a href=\"https:\/\/iabeurope.eu\/\" target=\"_blank\" rel=\"noreferrer noopener\" aria-label=\"Internet Advertising Bureau (EU) (otvara se u novoj kartici)\">Internet Advertising Bureau (EU)<\/a><\/td><td>Android Browser<\/td><\/tr><tr><td><a href=\"https:\/\/www.google.com\/chrome\/\" target=\"_blank\" rel=\"noreferrer noopener\" aria-label=\"Google Chrome (otvara se u novoj kartici)\">Google Chrome<\/a><\/td><td><a href=\"https:\/\/www.opera.com\/\" target=\"_blank\" rel=\"noreferrer noopener\" aria-label=\"Opera (otvara se u novoj kartici)\">Opera<\/a><\/td><\/tr><tr><td><a href=\"https:\/\/www.microsoft.com\/en-us\/download\/internet-explorer.aspx\" target=\"_blank\" rel=\"noreferrer noopener\" aria-label=\"Internet Explorer (otvara se u novoj kartici)\">Internet Explorer<\/a><\/td><td><a href=\"https:\/\/www.opera.com\/mobile\" target=\"_blank\" rel=\"noreferrer noopener\" aria-label=\"Opera Mobile (otvara se u novoj kartici)\">Opera Mobile<\/a><\/td><\/tr><tr><td><a rel=\"noreferrer noopener\" aria-label=\"Mozilla Firefox (otvara se u novoj kartici)\" href=\"https:\/\/www.mozilla.org\/en-US\/firefox\/new\/\" target=\"_blank\">Mozilla Firefox<\/a>    <\/td><td><\/td><\/tr><\/tbody><\/table><\/figure>\n\n\n\n<h5 class=\"wp-block-heading\">Will the Website work if I disable cookies?<\/h5>\n\n\n\n<p> You can browse <a href=\"http:\/\/www.akterpublic.hr\">www.akterpublic.hr<\/a> with cookies disabled, though some interactions may not work.  <\/p>\n\n\n\n<h5 class=\"wp-block-heading\">Why does the message explaining cookies keep appearing?<\/h5>\n\n\n\n<p>If you close the banner and it reappears the next time you visit us, you most likely have cookies disabled. We use a persistent cookie to remember that you closed the banner, but this only works when cookies on our site are enabled.<\/p>\n\n\n\n<h5 class=\"wp-block-heading\">Other questions?<\/h5>\n\n\n\n<p>If you have other questions, contact us:<\/p>\n\n\n\n<ul><li>by sending an email to the following address: <a rel=\"noreferrer noopener\" aria-label=\" (otvara se u novoj kartici)\" href=\"mailto:info@akterpublic.hr\" target=\"_blank\">info@akterpublic.hr<\/a> <\/li><li>by writing to the following postal address:<\/li><\/ul>\n\n\n\n<p><strong><em>AKTERPUBLIC d.o.o.<br>Tratinska 27<br> 10 000 ZAGREB<br> OIB: 60260099259<\/em><\/strong><\/p>\n","protected":false},"excerpt":{"rendered":"<p>COOKIE POLICY AKTERPUBLIC d.o.o., Remetine\u010dka cesta 9\/D, 10 000 ZAGREB, OIB: 60260099259 (hereinafter: &#8220;AKTERPUBLIC&#8221;) operates a strict privacy policy. We are committed to being transparent about the technologies we use, and we\u2019ve outlined below how we use cookies when you visit our site: www.akterpublic.hr. Insofar as the information collected using cookies constitutes personal data, the [&hellip;]<\/p>\n","protected":false},"author":1,"featured_media":0,"parent":0,"menu_order":0,"comment_status":"closed","ping_status":"open","template":"","meta":{"_acf_changed":false,"footnotes":""},"acf":[],"yoast_head":"<!-- This site is optimized with the Yoast SEO plugin v22.0 - https:\/\/yoast.com\/wordpress\/plugins\/seo\/ -->\n<title>COOKIE POLICY - Akterpublic<\/title>\n<meta name=\"robots\" content=\"index, follow, max-snippet:-1, max-image-preview:large, max-video-preview:-1\" \/>\n<link rel=\"canonical\" href=\"https:\/\/akterpublic.hr\/en\/cookie-policy\" \/>\n<meta property=\"og:locale\" content=\"en_US\" \/>\n<meta property=\"og:type\" content=\"article\" \/>\n<meta property=\"og:title\" content=\"COOKIE POLICY - Akterpublic\" \/>\n<meta property=\"og:description\" content=\"COOKIE POLICY AKTERPUBLIC d.o.o., Remetine\u010dka cesta 9\/D, 10 000 ZAGREB, OIB: 60260099259 (hereinafter: &#8220;AKTERPUBLIC&#8221;) operates a strict privacy policy. We are committed to being transparent about the technologies we use, and we\u2019ve outlined below how we use cookies when you visit our site: www.akterpublic.hr. Insofar as the information collected using cookies constitutes personal data, the [&hellip;]\" \/>\n<meta property=\"og:url\" content=\"https:\/\/akterpublic.hr\/en\/cookie-policy\" \/>\n<meta property=\"og:site_name\" content=\"Akterpublic\" \/>\n<meta property=\"article:modified_time\" content=\"2020-10-05T07:41:24+00:00\" \/>\n<meta name=\"twitter:card\" content=\"summary_large_image\" \/>\n<meta name=\"twitter:label1\" content=\"Est. reading time\" \/>\n\t<meta name=\"twitter:data1\" content=\"5 minutes\" \/>\n<script type=\"application\/ld+json\" class=\"yoast-schema-graph\">{\"@context\":\"https:\/\/schema.org\",\"@graph\":[{\"@type\":\"WebPage\",\"@id\":\"https:\/\/akterpublic.hr\/en\/cookie-policy\",\"url\":\"https:\/\/akterpublic.hr\/en\/cookie-policy\",\"name\":\"COOKIE POLICY - Akterpublic\",\"isPartOf\":{\"@id\":\"https:\/\/akterpublic.hr\/en#website\"},\"datePublished\":\"2020-06-08T10:45:59+00:00\",\"dateModified\":\"2020-10-05T07:41:24+00:00\",\"breadcrumb\":{\"@id\":\"https:\/\/akterpublic.hr\/en\/cookie-policy#breadcrumb\"},\"inLanguage\":\"en-US\",\"potentialAction\":[{\"@type\":\"ReadAction\",\"target\":[\"https:\/\/akterpublic.hr\/en\/cookie-policy\"]}]},{\"@type\":\"BreadcrumbList\",\"@id\":\"https:\/\/akterpublic.hr\/en\/cookie-policy#breadcrumb\",\"itemListElement\":[{\"@type\":\"ListItem\",\"position\":1,\"name\":\"Home\",\"item\":\"https:\/\/akterpublic.hr\/en\"},{\"@type\":\"ListItem\",\"position\":2,\"name\":\"COOKIE POLICY\"}]},{\"@type\":\"WebSite\",\"@id\":\"https:\/\/akterpublic.hr\/en#website\",\"url\":\"https:\/\/akterpublic.hr\/en\",\"name\":\"Akterpublic\",\"description\":\"Ve\u0107 1\/4 stolje\u0107a traje na\u0161a agencijska pri\u010da o tr\u017ei\u0161nom komuniciranju, iza koje je preko \u010detvrt tisu\u0107e uspje\u0161nih suradnji s doma\u0107im i inozemnim klijentima.\",\"potentialAction\":[{\"@type\":\"SearchAction\",\"target\":{\"@type\":\"EntryPoint\",\"urlTemplate\":\"https:\/\/akterpublic.hr\/en?s={search_term_string}\"},\"query-input\":\"required name=search_term_string\"}],\"inLanguage\":\"en-US\"}]}<\/script>\n<!-- \/ Yoast SEO plugin. -->","yoast_head_json":{"title":"COOKIE POLICY - Akterpublic","robots":{"index":"index","follow":"follow","max-snippet":"max-snippet:-1","max-image-preview":"max-image-preview:large","max-video-preview":"max-video-preview:-1"},"canonical":"https:\/\/akterpublic.hr\/en\/cookie-policy","og_locale":"en_US","og_type":"article","og_title":"COOKIE POLICY - Akterpublic","og_description":"COOKIE POLICY AKTERPUBLIC d.o.o., Remetine\u010dka cesta 9\/D, 10 000 ZAGREB, OIB: 60260099259 (hereinafter: &#8220;AKTERPUBLIC&#8221;) operates a strict privacy policy. We are committed to being transparent about the technologies we use, and we\u2019ve outlined below how we use cookies when you visit our site: www.akterpublic.hr. Insofar as the information collected using cookies constitutes personal data, the [&hellip;]","og_url":"https:\/\/akterpublic.hr\/en\/cookie-policy","og_site_name":"Akterpublic","article_modified_time":"2020-10-05T07:41:24+00:00","twitter_card":"summary_large_image","twitter_misc":{"Est. reading time":"5 minutes"},"schema":{"@context":"https:\/\/schema.org","@graph":[{"@type":"WebPage","@id":"https:\/\/akterpublic.hr\/en\/cookie-policy","url":"https:\/\/akterpublic.hr\/en\/cookie-policy","name":"COOKIE POLICY - Akterpublic","isPartOf":{"@id":"https:\/\/akterpublic.hr\/en#website"},"datePublished":"2020-06-08T10:45:59+00:00","dateModified":"2020-10-05T07:41:24+00:00","breadcrumb":{"@id":"https:\/\/akterpublic.hr\/en\/cookie-policy#breadcrumb"},"inLanguage":"en-US","potentialAction":[{"@type":"ReadAction","target":["https:\/\/akterpublic.hr\/en\/cookie-policy"]}]},{"@type":"BreadcrumbList","@id":"https:\/\/akterpublic.hr\/en\/cookie-policy#breadcrumb","itemListElement":[{"@type":"ListItem","position":1,"name":"Home","item":"https:\/\/akterpublic.hr\/en"},{"@type":"ListItem","position":2,"name":"COOKIE POLICY"}]},{"@type":"WebSite","@id":"https:\/\/akterpublic.hr\/en#website","url":"https:\/\/akterpublic.hr\/en","name":"Akterpublic","description":"Ve\u0107 1\/4 stolje\u0107a traje na\u0161a agencijska pri\u010da o tr\u017ei\u0161nom komuniciranju, iza koje je preko \u010detvrt tisu\u0107e uspje\u0161nih suradnji s doma\u0107im i inozemnim klijentima.","potentialAction":[{"@type":"SearchAction","target":{"@type":"EntryPoint","urlTemplate":"https:\/\/akterpublic.hr\/en?s={search_term_string}"},"query-input":"required name=search_term_string"}],"inLanguage":"en-US"}]}},"_links":{"self":[{"href":"https:\/\/akterpublic.hr\/en\/wp-json\/wp\/v2\/pages\/995"}],"collection":[{"href":"https:\/\/akterpublic.hr\/en\/wp-json\/wp\/v2\/pages"}],"about":[{"href":"https:\/\/akterpublic.hr\/en\/wp-json\/wp\/v2\/types\/page"}],"author":[{"embeddable":true,"href":"https:\/\/akterpublic.hr\/en\/wp-json\/wp\/v2\/users\/1"}],"replies":[{"embeddable":true,"href":"https:\/\/akterpublic.hr\/en\/wp-json\/wp\/v2\/comments?post=995"}],"version-history":[{"count":13,"href":"https:\/\/akterpublic.hr\/en\/wp-json\/wp\/v2\/pages\/995\/revisions"}],"predecessor-version":[{"id":1106,"href":"https:\/\/akterpublic.hr\/en\/wp-json\/wp\/v2\/pages\/995\/revisions\/1106"}],"wp:attachment":[{"href":"https:\/\/akterpublic.hr\/en\/wp-json\/wp\/v2\/media?parent=995"}],"curies":[{"name":"wp","href":"https:\/\/api.w.org\/{rel}","templated":true}]}}