{"id":304,"date":"2020-03-20T13:28:18","date_gmt":"2020-03-20T12:28:18","guid":{"rendered":"http:\/\/akterpublic.wp\/?page_id=304"},"modified":"2020-10-02T16:15:33","modified_gmt":"2020-10-02T14:15:33","slug":"who","status":"publish","type":"page","link":"https:\/\/akterpublic.hr\/en\/who","title":{"rendered":"Who?"},"content":{"rendered":"\r\n<div id=\"textblock-block_5e6a4dc51d4d7\" class=\"card card--04\">\r\n    <div class=\"card__data\">\r\n        <div class=\"left\">\r\n            <!--Ve\u0107 <strong>1\/4 stolje\u0107a<\/strong> traje na\u0161a agencijska pri\u010da o tr\u017ei\u0161nom komuniciranju-->\r\n            <p>For <strong>1\/4 centuries<\/strong>, our agency story of market communication has been going on<\/p>\n        <\/div>\r\n        <div class=\"right\">\r\n            Our agency&#8217;s story of market communication has lasted for a quarter of a century and was built on over a quarter of a thousand of successful collaborations with both domestic and foreign clients.        <\/div>\r\n    <\/div>\r\n<\/div>      \n\n\r\n\r\n\r\n<div id=\"imagetblock-block_5e6a54d916abc\" class=\"card card--03\">\r\n    <figure class=\"card__figure\">\r\n        <img decoding=\"async\" src=\"https:\/\/akterpublic.hr\/wp-content\/uploads\/2020\/03\/Akter_koktel_800x800px.png\" alt=\"\" class=\"rspimg\">\r\n    <\/figure>\r\n    <div class=\"card__data\">\r\n        <div class=\"question\">How successful are we?<\/div>\r\n        <div class=\"answer\"><p>Suffice it to say that we are one of the leading <strong>full service<\/strong> agencies in Croatia!<\/p>\n<\/div>\r\n    <\/div>\r\n<\/div>\r\n\n\n\r\n<div id=\"introblock-block_5e6a56b216abd\" class=\"introblock js_animate fade-down\">\r\n    <div class=\"introblock__wrapper\">\r\n        <div class=\"introblock__title\">\r\n            <h3 class=\"heading heading--strikeline heading--strikeline-blue\">\r\n                <span>\r\n                    <span>PROJECTS<\/span>\r\n                <\/span>                     \r\n            <\/h3>\r\n        <\/div>\r\n        <div class=\"introblock__description\">\r\n            We follow market trends and participate in the creation of strategic and innovative projects.        <\/div>\r\n    <\/div>\r\n<\/div>","protected":false},"excerpt":{"rendered":"","protected":false},"author":1,"featured_media":0,"parent":0,"menu_order":0,"comment_status":"closed","ping_status":"closed","template":"page-who.php","meta":{"_acf_changed":false,"footnotes":""},"acf":[],"yoast_head":"<!-- This site is optimized with the Yoast SEO plugin v22.0 - https:\/\/yoast.com\/wordpress\/plugins\/seo\/ -->\n<title>Who? - Akterpublic<\/title>\n<meta name=\"robots\" content=\"index, follow, max-snippet:-1, max-image-preview:large, max-video-preview:-1\" \/>\n<link rel=\"canonical\" href=\"https:\/\/akterpublic.hr\/en\/who\" \/>\n<meta property=\"og:locale\" content=\"en_US\" \/>\n<meta property=\"og:type\" content=\"article\" \/>\n<meta property=\"og:title\" content=\"Who? - Akterpublic\" \/>\n<meta property=\"og:url\" content=\"https:\/\/akterpublic.hr\/en\/who\" \/>\n<meta property=\"og:site_name\" content=\"Akterpublic\" \/>\n<meta property=\"article:modified_time\" content=\"2020-10-02T14:15:33+00:00\" \/>\n<meta name=\"twitter:card\" content=\"summary_large_image\" \/>\n<script type=\"application\/ld+json\" class=\"yoast-schema-graph\">{\"@context\":\"https:\/\/schema.org\",\"@graph\":[{\"@type\":\"WebPage\",\"@id\":\"https:\/\/akterpublic.hr\/en\/who\",\"url\":\"https:\/\/akterpublic.hr\/en\/who\",\"name\":\"Who? - Akterpublic\",\"isPartOf\":{\"@id\":\"https:\/\/akterpublic.hr\/en#website\"},\"datePublished\":\"2020-03-20T12:28:18+00:00\",\"dateModified\":\"2020-10-02T14:15:33+00:00\",\"breadcrumb\":{\"@id\":\"https:\/\/akterpublic.hr\/en\/who#breadcrumb\"},\"inLanguage\":\"en-US\",\"potentialAction\":[{\"@type\":\"ReadAction\",\"target\":[\"https:\/\/akterpublic.hr\/en\/who\"]}]},{\"@type\":\"BreadcrumbList\",\"@id\":\"https:\/\/akterpublic.hr\/en\/who#breadcrumb\",\"itemListElement\":[{\"@type\":\"ListItem\",\"position\":1,\"name\":\"Home\",\"item\":\"https:\/\/akterpublic.hr\/en\"},{\"@type\":\"ListItem\",\"position\":2,\"name\":\"Who?\"}]},{\"@type\":\"WebSite\",\"@id\":\"https:\/\/akterpublic.hr\/en#website\",\"url\":\"https:\/\/akterpublic.hr\/en\",\"name\":\"Akterpublic\",\"description\":\"Ve\u0107 1\/4 stolje\u0107a traje na\u0161a agencijska pri\u010da o tr\u017ei\u0161nom komuniciranju, iza koje je preko \u010detvrt tisu\u0107e uspje\u0161nih suradnji s doma\u0107im i inozemnim klijentima.\",\"potentialAction\":[{\"@type\":\"SearchAction\",\"target\":{\"@type\":\"EntryPoint\",\"urlTemplate\":\"https:\/\/akterpublic.hr\/en?s={search_term_string}\"},\"query-input\":\"required name=search_term_string\"}],\"inLanguage\":\"en-US\"}]}<\/script>\n<!-- \/ Yoast SEO plugin. -->","yoast_head_json":{"title":"Who? - Akterpublic","robots":{"index":"index","follow":"follow","max-snippet":"max-snippet:-1","max-image-preview":"max-image-preview:large","max-video-preview":"max-video-preview:-1"},"canonical":"https:\/\/akterpublic.hr\/en\/who","og_locale":"en_US","og_type":"article","og_title":"Who? - Akterpublic","og_url":"https:\/\/akterpublic.hr\/en\/who","og_site_name":"Akterpublic","article_modified_time":"2020-10-02T14:15:33+00:00","twitter_card":"summary_large_image","schema":{"@context":"https:\/\/schema.org","@graph":[{"@type":"WebPage","@id":"https:\/\/akterpublic.hr\/en\/who","url":"https:\/\/akterpublic.hr\/en\/who","name":"Who? - Akterpublic","isPartOf":{"@id":"https:\/\/akterpublic.hr\/en#website"},"datePublished":"2020-03-20T12:28:18+00:00","dateModified":"2020-10-02T14:15:33+00:00","breadcrumb":{"@id":"https:\/\/akterpublic.hr\/en\/who#breadcrumb"},"inLanguage":"en-US","potentialAction":[{"@type":"ReadAction","target":["https:\/\/akterpublic.hr\/en\/who"]}]},{"@type":"BreadcrumbList","@id":"https:\/\/akterpublic.hr\/en\/who#breadcrumb","itemListElement":[{"@type":"ListItem","position":1,"name":"Home","item":"https:\/\/akterpublic.hr\/en"},{"@type":"ListItem","position":2,"name":"Who?"}]},{"@type":"WebSite","@id":"https:\/\/akterpublic.hr\/en#website","url":"https:\/\/akterpublic.hr\/en","name":"Akterpublic","description":"Ve\u0107 1\/4 stolje\u0107a traje na\u0161a agencijska pri\u010da o tr\u017ei\u0161nom komuniciranju, iza koje je preko \u010detvrt tisu\u0107e uspje\u0161nih suradnji s doma\u0107im i inozemnim klijentima.","potentialAction":[{"@type":"SearchAction","target":{"@type":"EntryPoint","urlTemplate":"https:\/\/akterpublic.hr\/en?s={search_term_string}"},"query-input":"required name=search_term_string"}],"inLanguage":"en-US"}]}},"_links":{"self":[{"href":"https:\/\/akterpublic.hr\/en\/wp-json\/wp\/v2\/pages\/304"}],"collection":[{"href":"https:\/\/akterpublic.hr\/en\/wp-json\/wp\/v2\/pages"}],"about":[{"href":"https:\/\/akterpublic.hr\/en\/wp-json\/wp\/v2\/types\/page"}],"author":[{"embeddable":true,"href":"https:\/\/akterpublic.hr\/en\/wp-json\/wp\/v2\/users\/1"}],"replies":[{"embeddable":true,"href":"https:\/\/akterpublic.hr\/en\/wp-json\/wp\/v2\/comments?post=304"}],"version-history":[{"count":14,"href":"https:\/\/akterpublic.hr\/en\/wp-json\/wp\/v2\/pages\/304\/revisions"}],"predecessor-version":[{"id":1089,"href":"https:\/\/akterpublic.hr\/en\/wp-json\/wp\/v2\/pages\/304\/revisions\/1089"}],"wp:attachment":[{"href":"https:\/\/akterpublic.hr\/en\/wp-json\/wp\/v2\/media?parent=304"}],"curies":[{"name":"wp","href":"https:\/\/api.w.org\/{rel}","templated":true}]}}