{"id":278,"date":"2020-03-19T20:34:14","date_gmt":"2020-03-19T19:34:14","guid":{"rendered":"http:\/\/akterpublic.wp\/?page_id=278"},"modified":"2020-10-02T16:06:08","modified_gmt":"2020-10-02T14:06:08","slug":"what","status":"publish","type":"page","link":"https:\/\/akterpublic.hr\/en\/what","title":{"rendered":"What?"},"content":{"rendered":"\r\n<div id=\"textblock-block_5e6b71de54cc0\" class=\"card card--04\">\r\n    <div class=\"card__data\">\r\n        <div class=\"left\">\r\n            <!--Ve\u0107 <strong>1\/4 stolje\u0107a<\/strong> traje na\u0161a agencijska pri\u010da o tr\u017ei\u0161nom komuniciranju-->\r\n            <p>Challenges are all around us just like solutions, but the <strong>best is to be found<\/strong><\/p>\n        <\/div>\r\n        <div class=\"right\">\r\n            From access to clients through client service and account management, through design preparations and solutions, video and audio production, media lease planning on digital channels, television, print, radio and outdoor advertising, market research and media, marketing and communication strategies, and all the way to running and advertising on social networks, public relations and organizing various events.        <\/div>\r\n    <\/div>\r\n<\/div>      \n\n\r\n\r\n\r\n<div id=\"imagetblock-block_5e6b725a54cc1\" class=\"card card--03\">\r\n    <figure class=\"card__figure\">\r\n        <img decoding=\"async\" src=\"https:\/\/akterpublic.hr\/wp-content\/uploads\/2020\/03\/Akter_slavlje_800x800px2.jpg\" alt=\"\" class=\"rspimg\">\r\n    <\/figure>\r\n    <div class=\"card__data\">\r\n        <div class=\"question\">Party?<\/div>\r\n        <div class=\"answer\"><p>After all, every good job is worth <strong>celebrating<\/strong> in the end<\/p>\n<\/div>\r\n    <\/div>\r\n<\/div>\r\n\n\n\r\n<div id=\"introblock-block_5e6b733454cc2\" class=\"introblock js_animate fade-down\">\r\n    <div class=\"introblock__wrapper\">\r\n        <div class=\"introblock__title\">\r\n            <h3 class=\"heading heading--strikeline heading--strikeline-blue\">\r\n                <span>\r\n                    <span>Projects!<\/span>\r\n                <\/span>                     \r\n            <\/h3>\r\n        <\/div>\r\n        <div class=\"introblock__description\">\r\n                    <\/div>\r\n    <\/div>\r\n<\/div>","protected":false},"excerpt":{"rendered":"","protected":false},"author":1,"featured_media":0,"parent":0,"menu_order":0,"comment_status":"closed","ping_status":"closed","template":"page-who.php","meta":{"_acf_changed":false,"footnotes":""},"acf":[],"yoast_head":"<!-- This site is optimized with the Yoast SEO plugin v22.0 - https:\/\/yoast.com\/wordpress\/plugins\/seo\/ -->\n<title>What? - Akterpublic<\/title>\n<meta name=\"robots\" content=\"index, follow, max-snippet:-1, max-image-preview:large, max-video-preview:-1\" \/>\n<link rel=\"canonical\" href=\"https:\/\/akterpublic.hr\/en\/what\" \/>\n<meta property=\"og:locale\" content=\"en_US\" \/>\n<meta property=\"og:type\" content=\"article\" \/>\n<meta property=\"og:title\" content=\"What? - Akterpublic\" \/>\n<meta property=\"og:url\" content=\"https:\/\/akterpublic.hr\/en\/what\" \/>\n<meta property=\"og:site_name\" content=\"Akterpublic\" \/>\n<meta property=\"article:modified_time\" content=\"2020-10-02T14:06:08+00:00\" \/>\n<meta name=\"twitter:card\" content=\"summary_large_image\" \/>\n<script type=\"application\/ld+json\" class=\"yoast-schema-graph\">{\"@context\":\"https:\/\/schema.org\",\"@graph\":[{\"@type\":\"WebPage\",\"@id\":\"https:\/\/akterpublic.hr\/en\/what\",\"url\":\"https:\/\/akterpublic.hr\/en\/what\",\"name\":\"What? - Akterpublic\",\"isPartOf\":{\"@id\":\"https:\/\/akterpublic.hr\/en#website\"},\"datePublished\":\"2020-03-19T19:34:14+00:00\",\"dateModified\":\"2020-10-02T14:06:08+00:00\",\"breadcrumb\":{\"@id\":\"https:\/\/akterpublic.hr\/en\/what#breadcrumb\"},\"inLanguage\":\"en-US\",\"potentialAction\":[{\"@type\":\"ReadAction\",\"target\":[\"https:\/\/akterpublic.hr\/en\/what\"]}]},{\"@type\":\"BreadcrumbList\",\"@id\":\"https:\/\/akterpublic.hr\/en\/what#breadcrumb\",\"itemListElement\":[{\"@type\":\"ListItem\",\"position\":1,\"name\":\"Home\",\"item\":\"https:\/\/akterpublic.hr\/en\"},{\"@type\":\"ListItem\",\"position\":2,\"name\":\"What?\"}]},{\"@type\":\"WebSite\",\"@id\":\"https:\/\/akterpublic.hr\/en#website\",\"url\":\"https:\/\/akterpublic.hr\/en\",\"name\":\"Akterpublic\",\"description\":\"Ve\u0107 1\/4 stolje\u0107a traje na\u0161a agencijska pri\u010da o tr\u017ei\u0161nom komuniciranju, iza koje je preko \u010detvrt tisu\u0107e uspje\u0161nih suradnji s doma\u0107im i inozemnim klijentima.\",\"potentialAction\":[{\"@type\":\"SearchAction\",\"target\":{\"@type\":\"EntryPoint\",\"urlTemplate\":\"https:\/\/akterpublic.hr\/en?s={search_term_string}\"},\"query-input\":\"required name=search_term_string\"}],\"inLanguage\":\"en-US\"}]}<\/script>\n<!-- \/ Yoast SEO plugin. -->","yoast_head_json":{"title":"What? - Akterpublic","robots":{"index":"index","follow":"follow","max-snippet":"max-snippet:-1","max-image-preview":"max-image-preview:large","max-video-preview":"max-video-preview:-1"},"canonical":"https:\/\/akterpublic.hr\/en\/what","og_locale":"en_US","og_type":"article","og_title":"What? - Akterpublic","og_url":"https:\/\/akterpublic.hr\/en\/what","og_site_name":"Akterpublic","article_modified_time":"2020-10-02T14:06:08+00:00","twitter_card":"summary_large_image","schema":{"@context":"https:\/\/schema.org","@graph":[{"@type":"WebPage","@id":"https:\/\/akterpublic.hr\/en\/what","url":"https:\/\/akterpublic.hr\/en\/what","name":"What? - Akterpublic","isPartOf":{"@id":"https:\/\/akterpublic.hr\/en#website"},"datePublished":"2020-03-19T19:34:14+00:00","dateModified":"2020-10-02T14:06:08+00:00","breadcrumb":{"@id":"https:\/\/akterpublic.hr\/en\/what#breadcrumb"},"inLanguage":"en-US","potentialAction":[{"@type":"ReadAction","target":["https:\/\/akterpublic.hr\/en\/what"]}]},{"@type":"BreadcrumbList","@id":"https:\/\/akterpublic.hr\/en\/what#breadcrumb","itemListElement":[{"@type":"ListItem","position":1,"name":"Home","item":"https:\/\/akterpublic.hr\/en"},{"@type":"ListItem","position":2,"name":"What?"}]},{"@type":"WebSite","@id":"https:\/\/akterpublic.hr\/en#website","url":"https:\/\/akterpublic.hr\/en","name":"Akterpublic","description":"Ve\u0107 1\/4 stolje\u0107a traje na\u0161a agencijska pri\u010da o tr\u017ei\u0161nom komuniciranju, iza koje je preko \u010detvrt tisu\u0107e uspje\u0161nih suradnji s doma\u0107im i inozemnim klijentima.","potentialAction":[{"@type":"SearchAction","target":{"@type":"EntryPoint","urlTemplate":"https:\/\/akterpublic.hr\/en?s={search_term_string}"},"query-input":"required name=search_term_string"}],"inLanguage":"en-US"}]}},"_links":{"self":[{"href":"https:\/\/akterpublic.hr\/en\/wp-json\/wp\/v2\/pages\/278"}],"collection":[{"href":"https:\/\/akterpublic.hr\/en\/wp-json\/wp\/v2\/pages"}],"about":[{"href":"https:\/\/akterpublic.hr\/en\/wp-json\/wp\/v2\/types\/page"}],"author":[{"embeddable":true,"href":"https:\/\/akterpublic.hr\/en\/wp-json\/wp\/v2\/users\/1"}],"replies":[{"embeddable":true,"href":"https:\/\/akterpublic.hr\/en\/wp-json\/wp\/v2\/comments?post=278"}],"version-history":[{"count":14,"href":"https:\/\/akterpublic.hr\/en\/wp-json\/wp\/v2\/pages\/278\/revisions"}],"predecessor-version":[{"id":1082,"href":"https:\/\/akterpublic.hr\/en\/wp-json\/wp\/v2\/pages\/278\/revisions\/1082"}],"wp:attachment":[{"href":"https:\/\/akterpublic.hr\/en\/wp-json\/wp\/v2\/media?parent=278"}],"curies":[{"name":"wp","href":"https:\/\/api.w.org\/{rel}","templated":true}]}}