{"id":276,"date":"2020-03-19T20:31:26","date_gmt":"2020-03-19T19:31:26","guid":{"rendered":"http:\/\/akterpublic.wp\/?page_id=276"},"modified":"2021-01-26T15:35:28","modified_gmt":"2021-01-26T14:35:28","slug":"projects","status":"publish","type":"page","link":"https:\/\/akterpublic.hr\/en\/projects","title":{"rendered":"Projects!"},"content":{"rendered":"\r\n<div id=\"introblock-block_5e6b8b8936c04\" class=\"introblock js_animate fade-down\">\r\n    <div class=\"introblock__wrapper\">\r\n        <div class=\"introblock__title\">\r\n            <h3 class=\"heading heading--strikeline heading--strikeline-blue\">\r\n                <span>\r\n                    <span>Projects!<\/span>\r\n                <\/span>                     \r\n            <\/h3>\r\n        <\/div>\r\n        <div class=\"introblock__description\">\r\n            Each new project is a new challenge, and we just love challenges! Depending on the type of assignment, we form teams and work together towards finding the best and the most creative solutions which will make our clients smile!        <\/div>\r\n    <\/div>\r\n<\/div>","protected":false},"excerpt":{"rendered":"","protected":false},"author":1,"featured_media":0,"parent":0,"menu_order":0,"comment_status":"closed","ping_status":"closed","template":"page-projects.php","meta":{"_acf_changed":false,"footnotes":""},"acf":[],"yoast_head":"<!-- This site is optimized with the Yoast SEO plugin v22.0 - https:\/\/yoast.com\/wordpress\/plugins\/seo\/ -->\n<title>Projects! - Akterpublic<\/title>\n<meta name=\"description\" content=\"Svaki novi projekt predstavlja nam novi izazov, a mi izazove jako volimo! Ovisno o vrsti zadatka formiramo timove, zajedni\u010dkim snagama pronalazimo najkreativnija i najbolja optimalna rje\u0161enja i na\u0161im klijentima mamimo osmjehe na lica!\" \/>\n<meta name=\"robots\" content=\"index, follow, max-snippet:-1, max-image-preview:large, max-video-preview:-1\" \/>\n<link rel=\"canonical\" href=\"https:\/\/akterpublic.hr\/en\/projects\" \/>\n<meta property=\"og:locale\" content=\"en_US\" \/>\n<meta property=\"og:type\" content=\"article\" \/>\n<meta property=\"og:title\" content=\"Projects! - Akterpublic\" \/>\n<meta property=\"og:description\" content=\"Svaki novi projekt predstavlja nam novi izazov, a mi izazove jako volimo! Ovisno o vrsti zadatka formiramo timove, zajedni\u010dkim snagama pronalazimo najkreativnija i najbolja optimalna rje\u0161enja i na\u0161im klijentima mamimo osmjehe na lica!\" \/>\n<meta property=\"og:url\" content=\"https:\/\/akterpublic.hr\/en\/projects\" \/>\n<meta property=\"og:site_name\" content=\"Akterpublic\" \/>\n<meta property=\"article:modified_time\" content=\"2021-01-26T14:35:28+00:00\" \/>\n<meta name=\"twitter:card\" content=\"summary_large_image\" \/>\n<script type=\"application\/ld+json\" class=\"yoast-schema-graph\">{\"@context\":\"https:\/\/schema.org\",\"@graph\":[{\"@type\":\"WebPage\",\"@id\":\"https:\/\/akterpublic.hr\/en\/projects\",\"url\":\"https:\/\/akterpublic.hr\/en\/projects\",\"name\":\"Projects! - Akterpublic\",\"isPartOf\":{\"@id\":\"https:\/\/akterpublic.hr\/en#website\"},\"datePublished\":\"2020-03-19T19:31:26+00:00\",\"dateModified\":\"2021-01-26T14:35:28+00:00\",\"description\":\"Svaki novi projekt predstavlja nam novi izazov, a mi izazove jako volimo! Ovisno o vrsti zadatka formiramo timove, zajedni\u010dkim snagama pronalazimo najkreativnija i najbolja optimalna rje\u0161enja i na\u0161im klijentima mamimo osmjehe na lica!\",\"breadcrumb\":{\"@id\":\"https:\/\/akterpublic.hr\/en\/projects#breadcrumb\"},\"inLanguage\":\"en-US\",\"potentialAction\":[{\"@type\":\"ReadAction\",\"target\":[\"https:\/\/akterpublic.hr\/en\/projects\"]}]},{\"@type\":\"BreadcrumbList\",\"@id\":\"https:\/\/akterpublic.hr\/en\/projects#breadcrumb\",\"itemListElement\":[{\"@type\":\"ListItem\",\"position\":1,\"name\":\"Home\",\"item\":\"https:\/\/akterpublic.hr\/en\"},{\"@type\":\"ListItem\",\"position\":2,\"name\":\"Projects!\"}]},{\"@type\":\"WebSite\",\"@id\":\"https:\/\/akterpublic.hr\/en#website\",\"url\":\"https:\/\/akterpublic.hr\/en\",\"name\":\"Akterpublic\",\"description\":\"Ve\u0107 1\/4 stolje\u0107a traje na\u0161a agencijska pri\u010da o tr\u017ei\u0161nom komuniciranju, iza koje je preko \u010detvrt tisu\u0107e uspje\u0161nih suradnji s doma\u0107im i inozemnim klijentima.\",\"potentialAction\":[{\"@type\":\"SearchAction\",\"target\":{\"@type\":\"EntryPoint\",\"urlTemplate\":\"https:\/\/akterpublic.hr\/en?s={search_term_string}\"},\"query-input\":\"required name=search_term_string\"}],\"inLanguage\":\"en-US\"}]}<\/script>\n<!-- \/ Yoast SEO plugin. -->","yoast_head_json":{"title":"Projects! - Akterpublic","description":"Svaki novi projekt predstavlja nam novi izazov, a mi izazove jako volimo! Ovisno o vrsti zadatka formiramo timove, zajedni\u010dkim snagama pronalazimo najkreativnija i najbolja optimalna rje\u0161enja i na\u0161im klijentima mamimo osmjehe na lica!","robots":{"index":"index","follow":"follow","max-snippet":"max-snippet:-1","max-image-preview":"max-image-preview:large","max-video-preview":"max-video-preview:-1"},"canonical":"https:\/\/akterpublic.hr\/en\/projects","og_locale":"en_US","og_type":"article","og_title":"Projects! - Akterpublic","og_description":"Svaki novi projekt predstavlja nam novi izazov, a mi izazove jako volimo! Ovisno o vrsti zadatka formiramo timove, zajedni\u010dkim snagama pronalazimo najkreativnija i najbolja optimalna rje\u0161enja i na\u0161im klijentima mamimo osmjehe na lica!","og_url":"https:\/\/akterpublic.hr\/en\/projects","og_site_name":"Akterpublic","article_modified_time":"2021-01-26T14:35:28+00:00","twitter_card":"summary_large_image","schema":{"@context":"https:\/\/schema.org","@graph":[{"@type":"WebPage","@id":"https:\/\/akterpublic.hr\/en\/projects","url":"https:\/\/akterpublic.hr\/en\/projects","name":"Projects! - Akterpublic","isPartOf":{"@id":"https:\/\/akterpublic.hr\/en#website"},"datePublished":"2020-03-19T19:31:26+00:00","dateModified":"2021-01-26T14:35:28+00:00","description":"Svaki novi projekt predstavlja nam novi izazov, a mi izazove jako volimo! Ovisno o vrsti zadatka formiramo timove, zajedni\u010dkim snagama pronalazimo najkreativnija i najbolja optimalna rje\u0161enja i na\u0161im klijentima mamimo osmjehe na lica!","breadcrumb":{"@id":"https:\/\/akterpublic.hr\/en\/projects#breadcrumb"},"inLanguage":"en-US","potentialAction":[{"@type":"ReadAction","target":["https:\/\/akterpublic.hr\/en\/projects"]}]},{"@type":"BreadcrumbList","@id":"https:\/\/akterpublic.hr\/en\/projects#breadcrumb","itemListElement":[{"@type":"ListItem","position":1,"name":"Home","item":"https:\/\/akterpublic.hr\/en"},{"@type":"ListItem","position":2,"name":"Projects!"}]},{"@type":"WebSite","@id":"https:\/\/akterpublic.hr\/en#website","url":"https:\/\/akterpublic.hr\/en","name":"Akterpublic","description":"Ve\u0107 1\/4 stolje\u0107a traje na\u0161a agencijska pri\u010da o tr\u017ei\u0161nom komuniciranju, iza koje je preko \u010detvrt tisu\u0107e uspje\u0161nih suradnji s doma\u0107im i inozemnim klijentima.","potentialAction":[{"@type":"SearchAction","target":{"@type":"EntryPoint","urlTemplate":"https:\/\/akterpublic.hr\/en?s={search_term_string}"},"query-input":"required name=search_term_string"}],"inLanguage":"en-US"}]}},"_links":{"self":[{"href":"https:\/\/akterpublic.hr\/en\/wp-json\/wp\/v2\/pages\/276"}],"collection":[{"href":"https:\/\/akterpublic.hr\/en\/wp-json\/wp\/v2\/pages"}],"about":[{"href":"https:\/\/akterpublic.hr\/en\/wp-json\/wp\/v2\/types\/page"}],"author":[{"embeddable":true,"href":"https:\/\/akterpublic.hr\/en\/wp-json\/wp\/v2\/users\/1"}],"replies":[{"embeddable":true,"href":"https:\/\/akterpublic.hr\/en\/wp-json\/wp\/v2\/comments?post=276"}],"version-history":[{"count":4,"href":"https:\/\/akterpublic.hr\/en\/wp-json\/wp\/v2\/pages\/276\/revisions"}],"predecessor-version":[{"id":1125,"href":"https:\/\/akterpublic.hr\/en\/wp-json\/wp\/v2\/pages\/276\/revisions\/1125"}],"wp:attachment":[{"href":"https:\/\/akterpublic.hr\/en\/wp-json\/wp\/v2\/media?parent=276"}],"curies":[{"name":"wp","href":"https:\/\/api.w.org\/{rel}","templated":true}]}}