{"id":271,"date":"2020-03-19T20:25:42","date_gmt":"2020-03-19T19:25:42","guid":{"rendered":"http:\/\/akterpublic.wp\/?page_id=271"},"modified":"2020-09-11T11:43:38","modified_gmt":"2020-09-11T09:43:38","slug":"naslovnica-2","status":"publish","type":"page","link":"https:\/\/akterpublic.hr\/en","title":{"rendered":"Naslovnica"},"content":{"rendered":"\r\n\r\n\r\n<div class=\"card card--01  card--flipped \">\r\n    \r\n        <figure class=\"card__figure card__figure--video\">\r\n            <div class=\"video_container\">\r\n                <video muted autoplay playsinline class=\"js_Video\" data-plyr-config='{ hideControls: true }' >\r\n                   <source src=\"https:\/\/akterpublic.hr\/wp-content\/uploads\/2020\/03\/KAMELEON_magenta.mp4\" type=\"video\/mp4\" \/>\r\n                   <!--<source src=\"\/path\/to\/video.webm\" type=\"video\/webm\" \/>-->\r\n                <\/video>    \r\n            <\/div>\r\n        <\/figure>    \r\n\r\n    \r\n    <div class=\"card__data js_animate fade-down\">\r\n        <div class=\"heading__wrap\">\r\n            <h3 class=\"card__title heading--strikeline\">\r\n                <span style=\"box-shadow: 0 .35em 0 0 #c0e2cc, 0 .35em 0 0 #c0e2cc;\">\r\n                    <span>Who?<\/span>\r\n                <\/span>                     \r\n            <\/h3>\r\n        <\/div>\r\n        <div class=\"card__excerpt\">Our agency&#8217;s story of market communication has lasted for a quarter of a century and was built on over a quarter of a thousand of successful collaborations with both domestic and foreign clients.<\/div>\r\n        <div class=\"card__btn js_btnMagnetic\">\r\n            <a href=\"https:\/\/akterpublic.hr\/en\/who\" class=\"btn\" style=\"background: #5bb57a; border-color: #5bb57a;\">Learn more<\/a>\r\n        <\/div>\r\n    <\/div>\r\n<\/div>\n\n\r\n\r\n\r\n<div class=\"card card--01 \">\r\n    \r\n        <figure class=\"card__figure card__figure--video\">\r\n            <div class=\"video_container\">\r\n                <video muted autoplay playsinline class=\"js_Video\" data-plyr-config='{ hideControls: true }' >\r\n                   <source src=\"https:\/\/akterpublic.hr\/wp-content\/uploads\/2020\/03\/KAMELEON_tirkiz.mp4\" type=\"video\/mp4\" \/>\r\n                   <!--<source src=\"\/path\/to\/video.webm\" type=\"video\/webm\" \/>-->\r\n                <\/video>    \r\n            <\/div>\r\n        <\/figure>    \r\n\r\n    \r\n    <div class=\"card__data js_animate fade-down\">\r\n        <div class=\"heading__wrap\">\r\n            <h3 class=\"card__title heading--strikeline\">\r\n                <span style=\"box-shadow: 0 .35em 0 0 #f6bcca, 0 .35em 0 0 #f6bcca;\">\r\n                    <span>What?<\/span>\r\n                <\/span>                     \r\n            <\/h3>\r\n        <\/div>\r\n        <div class=\"card__excerpt\">Challenges are all around us \u2013 but so are the potential solutions. The crucial thing is to find the best solution and optimise it well.A full-service agency is the first step towards the solution!<\/div>\r\n        <div class=\"card__btn js_btnMagnetic\">\r\n            <a href=\"https:\/\/akterpublic.hr\/en\/what\" class=\"btn\" style=\"background: #e94476; border-color: #e94476;\">Learn more<\/a>\r\n        <\/div>\r\n    <\/div>\r\n<\/div>\n\n\r\n<div id=\"introblock-block_5e6ba08874922\" class=\"introblock js_animate fade-down\">\r\n    <div class=\"introblock__wrapper\">\r\n        <div class=\"introblock__title\">\r\n            <h3 class=\"heading heading--strikeline heading--strikeline-blue\">\r\n                <span>\r\n                    <span>Projects!<\/span>\r\n                <\/span>                     \r\n            <\/h3>\r\n        <\/div>\r\n        <div class=\"introblock__description\">\r\n            Each new project is a new challenge, and we just love challenges! Depending on the type of assignment, we form teams and work together towards finding the best and the most creative solutions which will make our clients smile!        <\/div>\r\n    <\/div>\r\n<\/div>","protected":false},"excerpt":{"rendered":"","protected":false},"author":1,"featured_media":0,"parent":0,"menu_order":0,"comment_status":"closed","ping_status":"closed","template":"front-page.php","meta":{"_acf_changed":false,"footnotes":""},"acf":[],"yoast_head":"<!-- This site is optimized with the Yoast SEO plugin v22.0 - https:\/\/yoast.com\/wordpress\/plugins\/seo\/ -->\n<title>Naslovnica - Akterpublic<\/title>\n<meta name=\"description\" content=\"Akterpublic je jedna od vode\u0107ih hrvatskih agencija za tr\u017ei\u0161no komuniciranje iza koje je preko 27 godina uspje\u0161nih suradnji s doma\u0107im i inozemnim klijentima.\" \/>\n<meta name=\"robots\" content=\"index, follow, max-snippet:-1, max-image-preview:large, max-video-preview:-1\" \/>\n<link rel=\"canonical\" href=\"https:\/\/akterpublic.hr\/en\" \/>\n<meta property=\"og:locale\" content=\"en_US\" \/>\n<meta property=\"og:type\" content=\"article\" \/>\n<meta property=\"og:title\" content=\"Naslovnica - Akterpublic\" \/>\n<meta property=\"og:description\" content=\"Akterpublic je jedna od vode\u0107ih hrvatskih agencija za tr\u017ei\u0161no komuniciranje iza koje je preko 27 godina uspje\u0161nih suradnji s doma\u0107im i inozemnim klijentima.\" \/>\n<meta property=\"og:url\" content=\"https:\/\/akterpublic.hr\/en\" \/>\n<meta property=\"og:site_name\" content=\"Akterpublic\" \/>\n<meta property=\"article:modified_time\" content=\"2020-09-11T09:43:38+00:00\" \/>\n<meta name=\"twitter:card\" content=\"summary_large_image\" \/>\n<script type=\"application\/ld+json\" class=\"yoast-schema-graph\">{\"@context\":\"https:\/\/schema.org\",\"@graph\":[{\"@type\":\"WebPage\",\"@id\":\"https:\/\/akterpublic.hr\/en\",\"url\":\"https:\/\/akterpublic.hr\/en\",\"name\":\"Naslovnica - Akterpublic\",\"isPartOf\":{\"@id\":\"https:\/\/akterpublic.hr\/en#website\"},\"datePublished\":\"2020-03-19T19:25:42+00:00\",\"dateModified\":\"2020-09-11T09:43:38+00:00\",\"description\":\"Akterpublic je jedna od vode\u0107ih hrvatskih agencija za tr\u017ei\u0161no komuniciranje iza koje je preko 27 godina uspje\u0161nih suradnji s doma\u0107im i inozemnim klijentima.\",\"breadcrumb\":{\"@id\":\"https:\/\/akterpublic.hr\/en#breadcrumb\"},\"inLanguage\":\"en-US\",\"potentialAction\":[{\"@type\":\"ReadAction\",\"target\":[\"https:\/\/akterpublic.hr\/en\"]}]},{\"@type\":\"BreadcrumbList\",\"@id\":\"https:\/\/akterpublic.hr\/en#breadcrumb\",\"itemListElement\":[{\"@type\":\"ListItem\",\"position\":1,\"name\":\"Home\",\"item\":\"https:\/\/akterpublic.hr\/en\"},{\"@type\":\"ListItem\",\"position\":2,\"name\":\"Naslovnica\"}]},{\"@type\":\"WebSite\",\"@id\":\"https:\/\/akterpublic.hr\/en#website\",\"url\":\"https:\/\/akterpublic.hr\/en\",\"name\":\"Akterpublic\",\"description\":\"Ve\u0107 1\/4 stolje\u0107a traje na\u0161a agencijska pri\u010da o tr\u017ei\u0161nom komuniciranju, iza koje je preko \u010detvrt tisu\u0107e uspje\u0161nih suradnji s doma\u0107im i inozemnim klijentima.\",\"potentialAction\":[{\"@type\":\"SearchAction\",\"target\":{\"@type\":\"EntryPoint\",\"urlTemplate\":\"https:\/\/akterpublic.hr\/en?s={search_term_string}\"},\"query-input\":\"required name=search_term_string\"}],\"inLanguage\":\"en-US\"}]}<\/script>\n<!-- \/ Yoast SEO plugin. -->","yoast_head_json":{"title":"Naslovnica - Akterpublic","description":"Akterpublic je jedna od vode\u0107ih hrvatskih agencija za tr\u017ei\u0161no komuniciranje iza koje je preko 27 godina uspje\u0161nih suradnji s doma\u0107im i inozemnim klijentima.","robots":{"index":"index","follow":"follow","max-snippet":"max-snippet:-1","max-image-preview":"max-image-preview:large","max-video-preview":"max-video-preview:-1"},"canonical":"https:\/\/akterpublic.hr\/en","og_locale":"en_US","og_type":"article","og_title":"Naslovnica - Akterpublic","og_description":"Akterpublic je jedna od vode\u0107ih hrvatskih agencija za tr\u017ei\u0161no komuniciranje iza koje je preko 27 godina uspje\u0161nih suradnji s doma\u0107im i inozemnim klijentima.","og_url":"https:\/\/akterpublic.hr\/en","og_site_name":"Akterpublic","article_modified_time":"2020-09-11T09:43:38+00:00","twitter_card":"summary_large_image","schema":{"@context":"https:\/\/schema.org","@graph":[{"@type":"WebPage","@id":"https:\/\/akterpublic.hr\/en","url":"https:\/\/akterpublic.hr\/en","name":"Naslovnica - Akterpublic","isPartOf":{"@id":"https:\/\/akterpublic.hr\/en#website"},"datePublished":"2020-03-19T19:25:42+00:00","dateModified":"2020-09-11T09:43:38+00:00","description":"Akterpublic je jedna od vode\u0107ih hrvatskih agencija za tr\u017ei\u0161no komuniciranje iza koje je preko 27 godina uspje\u0161nih suradnji s doma\u0107im i inozemnim klijentima.","breadcrumb":{"@id":"https:\/\/akterpublic.hr\/en#breadcrumb"},"inLanguage":"en-US","potentialAction":[{"@type":"ReadAction","target":["https:\/\/akterpublic.hr\/en"]}]},{"@type":"BreadcrumbList","@id":"https:\/\/akterpublic.hr\/en#breadcrumb","itemListElement":[{"@type":"ListItem","position":1,"name":"Home","item":"https:\/\/akterpublic.hr\/en"},{"@type":"ListItem","position":2,"name":"Naslovnica"}]},{"@type":"WebSite","@id":"https:\/\/akterpublic.hr\/en#website","url":"https:\/\/akterpublic.hr\/en","name":"Akterpublic","description":"Ve\u0107 1\/4 stolje\u0107a traje na\u0161a agencijska pri\u010da o tr\u017ei\u0161nom komuniciranju, iza koje je preko \u010detvrt tisu\u0107e uspje\u0161nih suradnji s doma\u0107im i inozemnim klijentima.","potentialAction":[{"@type":"SearchAction","target":{"@type":"EntryPoint","urlTemplate":"https:\/\/akterpublic.hr\/en?s={search_term_string}"},"query-input":"required name=search_term_string"}],"inLanguage":"en-US"}]}},"_links":{"self":[{"href":"https:\/\/akterpublic.hr\/en\/wp-json\/wp\/v2\/pages\/271"}],"collection":[{"href":"https:\/\/akterpublic.hr\/en\/wp-json\/wp\/v2\/pages"}],"about":[{"href":"https:\/\/akterpublic.hr\/en\/wp-json\/wp\/v2\/types\/page"}],"author":[{"embeddable":true,"href":"https:\/\/akterpublic.hr\/en\/wp-json\/wp\/v2\/users\/1"}],"replies":[{"embeddable":true,"href":"https:\/\/akterpublic.hr\/en\/wp-json\/wp\/v2\/comments?post=271"}],"version-history":[{"count":9,"href":"https:\/\/akterpublic.hr\/en\/wp-json\/wp\/v2\/pages\/271\/revisions"}],"predecessor-version":[{"id":1054,"href":"https:\/\/akterpublic.hr\/en\/wp-json\/wp\/v2\/pages\/271\/revisions\/1054"}],"wp:attachment":[{"href":"https:\/\/akterpublic.hr\/en\/wp-json\/wp\/v2\/media?parent=271"}],"curies":[{"name":"wp","href":"https:\/\/api.w.org\/{rel}","templated":true}]}}